{"id":1105,"date":"2024-08-03T08:48:06","date_gmt":"2024-08-03T08:48:06","guid":{"rendered":"https:\/\/drbogdangusanu.ro\/?page_id=1105"},"modified":"2025-03-30T13:31:24","modified_gmt":"2025-03-30T13:31:24","slug":"ejacularea-prematura","status":"publish","type":"page","link":"https:\/\/drbogdangusanu.ro\/en\/ejacularea-prematura\/","title":{"rendered":"Premature Ejaculation"},"content":{"rendered":"\t\t<div data-elementor-type=\"wp-page\" data-elementor-id=\"1105\" class=\"elementor elementor-1105\">\n\t\t\t\t<div class=\"elementor-element elementor-element-ecbab69 e-flex e-con-boxed e-con e-parent\" data-id=\"ecbab69\" data-element_type=\"container\" data-e-type=\"container\" data-settings=\"{&quot;background_background&quot;:&quot;classic&quot;}\">\n\t\t\t\t\t<div class=\"e-con-inner\">\n\t\t<div class=\"elementor-element elementor-element-a4b2573 e-con-full e-flex e-con e-child\" data-id=\"a4b2573\" data-element_type=\"container\" data-e-type=\"container\">\n\t\t\t\t<div class=\"elementor-element elementor-element-d86ea7f elementor-invisible elementor-widget elementor-widget-heading\" data-id=\"d86ea7f\" data-element_type=\"widget\" data-e-type=\"widget\" data-settings=\"{&quot;_animation&quot;:&quot;fadeIn&quot;,&quot;_animation_delay&quot;:&quot;200&quot;}\" data-widget_type=\"heading.default\">\n\t\t\t\t<div class=\"elementor-widget-container\">\n\t\t\t\t\t<h1 class=\"elementor-heading-title elementor-size-default\">Doctor Bogdan Gu\u0219anu<\/h1>\t\t\t\t<\/div>\n\t\t\t\t<\/div>\n\t\t\t\t<div class=\"elementor-element elementor-element-c338777 elementor-widget elementor-widget-heading\" data-id=\"c338777\" data-element_type=\"widget\" data-e-type=\"widget\" data-widget_type=\"heading.default\">\n\t\t\t\t<div class=\"elementor-widget-container\">\n\t\t\t\t\t<h2 class=\"elementor-heading-title elementor-size-default\"><a href=\"http:\/\/www.ro-boost.ro\">CLINICA RO-BOOST<\/a><\/h2>\t\t\t\t<\/div>\n\t\t\t\t<\/div>\n\t\t\t\t<div class=\"elementor-element elementor-element-cbf97ba elementor-widget elementor-widget-image\" data-id=\"cbf97ba\" data-element_type=\"widget\" data-e-type=\"widget\" data-widget_type=\"image.default\">\n\t\t\t\t<div class=\"elementor-widget-container\">\n\t\t\t\t\t\t\t\t\t\t\t\t\t\t\t<img decoding=\"async\" width=\"150\" height=\"150\" src=\"https:\/\/drbogdangusanu.ro\/wp-content\/uploads\/2025\/03\/logo-roboost-nou-fara-scris-150x150.png\" class=\"attachment-thumbnail size-thumbnail wp-image-1735\" alt=\"\" srcset=\"https:\/\/drbogdangusanu.ro\/wp-content\/uploads\/2025\/03\/logo-roboost-nou-fara-scris-150x150.png 150w, https:\/\/drbogdangusanu.ro\/wp-content\/uploads\/2025\/03\/logo-roboost-nou-fara-scris-300x300.png 300w, https:\/\/drbogdangusanu.ro\/wp-content\/uploads\/2025\/03\/logo-roboost-nou-fara-scris-1024x1024.png 1024w, https:\/\/drbogdangusanu.ro\/wp-content\/uploads\/2025\/03\/logo-roboost-nou-fara-scris-768x768.png 768w, https:\/\/drbogdangusanu.ro\/wp-content\/uploads\/2025\/03\/logo-roboost-nou-fara-scris-1536x1536.png 1536w, https:\/\/drbogdangusanu.ro\/wp-content\/uploads\/2025\/03\/logo-roboost-nou-fara-scris-2048x2048.png 2048w, https:\/\/drbogdangusanu.ro\/wp-content\/uploads\/2025\/03\/logo-roboost-nou-fara-scris-12x12.png 12w\" sizes=\"(max-width: 150px) 100vw, 150px\" \/>\t\t\t\t\t\t\t\t\t\t\t\t\t\t\t<\/div>\n\t\t\t\t<\/div>\n\t\t\t\t<\/div>\n\t\t\t\t\t<\/div>\n\t\t\t\t<\/div>\n\t\t<div class=\"elementor-element elementor-element-54ae74b e-flex e-con-boxed e-con e-parent\" data-id=\"54ae74b\" data-element_type=\"container\" data-e-type=\"container\">\n\t\t\t\t\t<div class=\"e-con-inner\">\n\t\t<div class=\"elementor-element elementor-element-aab14ee e-con-full e-flex e-con e-child\" data-id=\"aab14ee\" data-element_type=\"container\" data-e-type=\"container\">\n\t\t\t\t<div class=\"elementor-element elementor-element-a0289ab elementor-invisible elementor-widget elementor-widget-heading\" data-id=\"a0289ab\" data-element_type=\"widget\" data-e-type=\"widget\" data-settings=\"{&quot;_animation&quot;:&quot;zoomIn&quot;}\" data-widget_type=\"heading.default\">\n\t\t\t\t<div class=\"elementor-widget-container\">\n\t\t\t\t\t<h2 class=\"elementor-heading-title elementor-size-default\">Ce este Ejacularea Prematur\u0103?<\/h2>\t\t\t\t<\/div>\n\t\t\t\t<\/div>\n\t\t\t\t<div class=\"elementor-element elementor-element-175319f elementor-widget elementor-widget-text-editor\" data-id=\"175319f\" data-element_type=\"widget\" data-e-type=\"widget\" data-widget_type=\"text-editor.default\">\n\t\t\t\t<div class=\"elementor-widget-container\">\n\t\t\t\t\t\t\t\t\t<p>Ejacularea prematur\u0103 este o afec\u021biune \u00een care un b\u0103rbat ejaculeaz\u0103 cu o stimulare sexual\u0103 minim\u0103. B\u0103rba\u021bii care se confrunt\u0103 cu aceast\u0103 afec\u021biune ejaculeaz\u0103 \u00eenainte sau la scurt timp dup\u0103 penetrare.<\/p><p>Ejacularea prematur\u0103 este frecven\u021ba. 1 din 3 b\u0103rba\u021bi spune c\u0103 a experimentat ejaculare prematur\u0103 la un moment dat \u00een via\u021b\u0103 lor. Cu toate acestea, pentru a fi diagnosticat\u0103 medical c\u0103 prematur\u0103, ejacularea trebuie \u00eentotdeauna s\u0103 apar\u0103 \u00een decurs de 2 minute sau mai pu\u021b\u00een de la \u00eenceputul excitaiei sexuale. B\u0103rbatul simte imposibilitatea de am\u00e2nare a ejacul\u0103rii\u00a0(ejaculare necontrolat\u0103).\u00a0Fiind \u00een mod regulat o cauza de stres, frustrare \u0219i evitarea activit\u0103\u021bii sexuale, pentru unii b\u0103rba\u021bi, o conversa\u021bie cu un medic ar putea ajut\u0103 la diminuarea preocup\u0103rilor legate de ejacularea prematur\u0103. De exemplu, ar putea fi lini\u0219titor s\u0103 auzi c\u0103 ejacularea prematur\u0103 ocazional\u0103 este normal\u0103 \u0219i c\u0103 timpul mediu de la \u00eenceputul actului sexual p\u00e2n\u0103 la ejaculare este de aproximativ 5-10 minute.<\/p><p>\u00a0<\/p>\t\t\t\t\t\t\t\t<\/div>\n\t\t\t\t<\/div>\n\t\t\t\t<\/div>\n\t\t<div class=\"elementor-element elementor-element-b55d6da e-con-full e-flex e-con e-child\" data-id=\"b55d6da\" data-element_type=\"container\" data-e-type=\"container\" data-settings=\"{&quot;background_background&quot;:&quot;classic&quot;}\">\n\t\t\t\t<div class=\"elementor-element elementor-element-f3b3dc6 elementor-widget elementor-widget-image\" data-id=\"f3b3dc6\" data-element_type=\"widget\" data-e-type=\"widget\" data-widget_type=\"image.default\">\n\t\t\t\t<div class=\"elementor-widget-container\">\n\t\t\t\t\t\t\t\t\t\t\t\t\t\t\t<img fetchpriority=\"high\" decoding=\"async\" width=\"1024\" height=\"1024\" src=\"https:\/\/drbogdangusanu.ro\/wp-content\/uploads\/2024\/08\/EJACULARE-PREMATURA--1024x1024.jpg\" class=\"attachment-large size-large wp-image-1465\" alt=\"\" srcset=\"https:\/\/drbogdangusanu.ro\/wp-content\/uploads\/2024\/08\/EJACULARE-PREMATURA--1024x1024.jpg 1024w, https:\/\/drbogdangusanu.ro\/wp-content\/uploads\/2024\/08\/EJACULARE-PREMATURA--300x300.jpg 300w, https:\/\/drbogdangusanu.ro\/wp-content\/uploads\/2024\/08\/EJACULARE-PREMATURA--150x150.jpg 150w, https:\/\/drbogdangusanu.ro\/wp-content\/uploads\/2024\/08\/EJACULARE-PREMATURA--768x768.jpg 768w, https:\/\/drbogdangusanu.ro\/wp-content\/uploads\/2024\/08\/EJACULARE-PREMATURA--1536x1536.jpg 1536w, https:\/\/drbogdangusanu.ro\/wp-content\/uploads\/2024\/08\/EJACULARE-PREMATURA-.jpg 1667w\" sizes=\"(max-width: 1024px) 100vw, 1024px\" \/>\t\t\t\t\t\t\t\t\t\t\t\t\t\t\t<\/div>\n\t\t\t\t<\/div>\n\t\t\t\t<\/div>\n\t\t\t\t\t<\/div>\n\t\t\t\t<\/div>\n\t\t<div class=\"elementor-element elementor-element-08d2235 e-con-full e-flex e-con e-parent\" data-id=\"08d2235\" data-element_type=\"container\" data-e-type=\"container\">\n\t\t<div class=\"elementor-element elementor-element-f0d8573 e-con-full e-flex e-con e-child\" data-id=\"f0d8573\" data-element_type=\"container\" data-e-type=\"container\">\n\t\t\t\t<div class=\"elementor-element elementor-element-6656733 elementor-invisible elementor-widget elementor-widget-heading\" data-id=\"6656733\" data-element_type=\"widget\" data-e-type=\"widget\" data-settings=\"{&quot;_animation&quot;:&quot;zoomIn&quot;}\" data-widget_type=\"heading.default\">\n\t\t\t\t<div class=\"elementor-widget-container\">\n\t\t\t\t\t<h2 class=\"elementor-heading-title elementor-size-default\">Simptome<\/h2>\t\t\t\t<\/div>\n\t\t\t\t<\/div>\n\t\t\t\t<div class=\"elementor-element elementor-element-c10b0ca elementor-widget-divider--view-line elementor-widget elementor-widget-divider\" data-id=\"c10b0ca\" data-element_type=\"widget\" data-e-type=\"widget\" data-widget_type=\"divider.default\">\n\t\t\t\t<div class=\"elementor-widget-container\">\n\t\t\t\t\t\t\t<div class=\"elementor-divider\">\n\t\t\t<span class=\"elementor-divider-separator\">\n\t\t\t\t\t\t<\/span>\n\t\t<\/div>\n\t\t\t\t\t\t<\/div>\n\t\t\t\t<\/div>\n\t\t\t\t<div class=\"elementor-element elementor-element-8e1a965 elementor-widget elementor-widget-text-editor\" data-id=\"8e1a965\" data-element_type=\"widget\" data-e-type=\"widget\" data-widget_type=\"text-editor.default\">\n\t\t\t\t<div class=\"elementor-widget-container\">\n\t\t\t\t\t\t\t\t\t<p>Principalul simptom al ejacul\u0103rii premature este incapacitatea de a \u00eent\u00e2rzia ejacularea mai mult de 2 minute dup\u0103 penetrare. Cu toate acestea, problema poate ap\u0103rea \u00een toate situa\u021biile sexuale, chiar \u0219i \u00een timpul masturb\u0103rii.<\/p><p>Ejacularea prematur\u0103 poate fi clasificat\u0103 astfel:<\/p><p>Primar\u0103 (ejacularea prematur\u0103 a ap\u0103rut de la primele contatce sexuale).<br \/>Secundar\u0103 (dob\u00e2ndit\u0103) \u2013\u00a0 ejacularea prematur\u0103 se dezvolt\u0103 dup\u0103 ce a\u021bi avut experien\u021be sexuale anterioare f\u0103r\u0103 probleme de ejaculare.<br \/>Mul\u021bi b\u0103rba\u021bi simt c\u0103 au simptome de ejaculare prematur\u0103, dar simptomele nu \u00eendeplinesc criteriile de diagnostic. \u00cen schimb, ace\u0219ti b\u0103rba\u021bi ar putea avea ejaculare prematur\u0103 variabil\u0103 natural\u0103, care include perioade de ejaculare rapid\u0103, precum \u0219i perioade de ejaculare normal\u0103.<\/p><p class=\"p1\"><strong>DAC\u0102 EXPERIMENTA\u021aI SIMPTOME DE EJACULARE PREMATUR\u0102 VORBI\u021aI CU MEDICII NO\u0218TRI.<\/strong><\/p>\t\t\t\t\t\t\t\t<\/div>\n\t\t\t\t<\/div>\n\t\t\t\t<\/div>\n\t\t<div class=\"elementor-element elementor-element-963a872 e-con-full e-flex e-con e-child\" data-id=\"963a872\" data-element_type=\"container\" data-e-type=\"container\">\n\t\t\t\t<div class=\"elementor-element elementor-element-11c9941 elementor-invisible elementor-widget elementor-widget-heading\" data-id=\"11c9941\" data-element_type=\"widget\" data-e-type=\"widget\" data-settings=\"{&quot;_animation&quot;:&quot;zoomIn&quot;}\" data-widget_type=\"heading.default\">\n\t\t\t\t<div class=\"elementor-widget-container\">\n\t\t\t\t\t<h2 class=\"elementor-heading-title elementor-size-default\">Cauze<\/h2>\t\t\t\t<\/div>\n\t\t\t\t<\/div>\n\t\t\t\t<div class=\"elementor-element elementor-element-c4eadc8 elementor-widget-divider--view-line elementor-widget elementor-widget-divider\" data-id=\"c4eadc8\" data-element_type=\"widget\" data-e-type=\"widget\" data-widget_type=\"divider.default\">\n\t\t\t\t<div class=\"elementor-widget-container\">\n\t\t\t\t\t\t\t<div class=\"elementor-divider\">\n\t\t\t<span class=\"elementor-divider-separator\">\n\t\t\t\t\t\t<\/span>\n\t\t<\/div>\n\t\t\t\t\t\t<\/div>\n\t\t\t\t<\/div>\n\t\t\t\t<div class=\"elementor-element elementor-element-c8ae443 elementor-widget elementor-widget-text-editor\" data-id=\"c8ae443\" data-element_type=\"widget\" data-e-type=\"widget\" data-widget_type=\"text-editor.default\">\n\t\t\t\t<div class=\"elementor-widget-container\">\n\t\t\t\t\t\t\t\t\t<p>Nu este \u00eenc\u0103 clar ce cauzeaz\u0103 exact ejacularea prematur\u0103. Cu toate acestea, exper\u021bii sunt de acord c\u0103 func\u021bia sexual\u0103 s\u0103n\u0103toas\u0103 necesit\u0103 o combina\u021bie de factori fizici, emo\u021bionali \u0219i psihologici care lucreaz\u0103 \u00eempreun\u0103 \u00een armonie sincronizat\u0103. Dac\u0103 oricare dintre ace\u0219ti factori este \u201edezactivat\u201d, poate ap\u0103rea ejacularea prematur\u0103.<\/p><h5>\u00a0<\/h5><h5>Factori fizici:<\/h5><ul><li>\u00a0Boal\u0103 (inflama\u021bie\/infec\u021bie a prostatei sau uretrei)<\/li><li>Alte disfunc\u021bii sexuale (disfunc\u021bie erectil\u0103)<\/li><li>Probleme hormonale (testosteron sc\u0103zut)<\/li><li>Abuzul de alcool<\/li><li style=\"list-style-type: none;\">\u00a0<\/li><\/ul><h5>Factori emo\u021bionali:<\/h5><ul><li>Comunicare slab\u0103 cu partenerul<\/li><li>Conflicte rela\u021bionale, resentimente fa\u021b\u0103 de partener<\/li><li>Lipsa conexiunii cu partenerul<\/li><li style=\"list-style-type: none;\">\u00a0<\/li><\/ul><h5>Factori psihologici:<\/h5><ul><li>Stres<\/li><li>Va face\u021bi griji pentru performan\u021b\u0103 sexual\u0103\/vinov\u0103\u021bie<\/li><li>Abuz sexual, fizic, emo\u021bional din trecut<\/li><li>Imagine de sine negativ\u0103, jen\u0103<\/li><li>Credin\u021bele culturale\/religioase legate de sexualitate<\/li><li>Condi\u021bii de s\u0103n\u0103tate mintal\u0103 (cum ar fi depresia \u0219i anxietatea)<\/li><li style=\"list-style-type: none;\">\u00a0<\/li><\/ul>\t\t\t\t\t\t\t\t<\/div>\n\t\t\t\t<\/div>\n\t\t\t\t<\/div>\n\t\t<div class=\"elementor-element elementor-element-d2998ad e-con-full e-flex e-con e-child\" data-id=\"d2998ad\" data-element_type=\"container\" data-e-type=\"container\">\n\t\t\t\t<div class=\"elementor-element elementor-element-74b6691 elementor-invisible elementor-widget elementor-widget-heading\" data-id=\"74b6691\" data-element_type=\"widget\" data-e-type=\"widget\" data-settings=\"{&quot;_animation&quot;:&quot;zoomIn&quot;}\" data-widget_type=\"heading.default\">\n\t\t\t\t<div class=\"elementor-widget-container\">\n\t\t\t\t\t<h2 class=\"elementor-heading-title elementor-size-default\">Tratament<\/h2>\t\t\t\t<\/div>\n\t\t\t\t<\/div>\n\t\t\t\t<div class=\"elementor-element elementor-element-e67c5a8 elementor-widget-divider--view-line elementor-widget elementor-widget-divider\" data-id=\"e67c5a8\" data-element_type=\"widget\" data-e-type=\"widget\" data-widget_type=\"divider.default\">\n\t\t\t\t<div class=\"elementor-widget-container\">\n\t\t\t\t\t\t\t<div class=\"elementor-divider\">\n\t\t\t<span class=\"elementor-divider-separator\">\n\t\t\t\t\t\t<\/span>\n\t\t<\/div>\n\t\t\t\t\t\t<\/div>\n\t\t\t\t<\/div>\n\t\t\t\t<div class=\"elementor-element elementor-element-f10028c elementor-widget elementor-widget-text-editor\" data-id=\"f10028c\" data-element_type=\"widget\" data-e-type=\"widget\" data-widget_type=\"text-editor.default\">\n\t\t\t\t<div class=\"elementor-widget-container\">\n\t\t\t\t\t\t\t\t\t<ul><li>Completa\u021bi cu foarte mare aten\u021bie formularul de evaluare.<\/li><li>Acest formular nu este f\u0103cut pentru a diagnostica nicio boal\u0103 pe care o ave\u021bi.<\/li><li>Dup\u0103 ce formularul dvs. este evaluat, se decide dac\u0103 sunte\u021bi potrivit pentru program.<\/li><li>Dup\u0103 completarea formularului, nu uita\u021bi s\u0103 ap\u0103sa\u021bi butonul\u00a0<strong>TRIMITE<\/strong>.<\/li><li>Dup\u0103 ce formularul ajunge la noi, vom r\u0103spunde \u00een termen de 1-3 zile lucr\u0103toare.<\/li><li>R\u0103spunsul va fi trimis la adresa de e-mail pe care o furniza\u021bi. Prin urmare,\u00a0<strong>verifica\u021bi adresa dvs. de e-mail \u0219i asigura\u021bi-va c\u0103 este corect\u0103.<\/strong><\/li><\/ul>\t\t\t\t\t\t\t\t<\/div>\n\t\t\t\t<\/div>\n\t\t\t\t<div class=\"elementor-element elementor-element-3683c66 elementor-widget elementor-widget-button\" data-id=\"3683c66\" data-element_type=\"widget\" data-e-type=\"widget\" data-widget_type=\"button.default\">\n\t\t\t\t<div class=\"elementor-widget-container\">\n\t\t\t\t\t\t\t\t\t<div class=\"elementor-button-wrapper\">\n\t\t\t\t\t<a class=\"elementor-button elementor-button-link elementor-size-sm\" href=\"https:\/\/drbogdangusanu.ro\/formular-de-evaluare-ejaculare-prematura\/\">\n\t\t\t\t\t\t<span class=\"elementor-button-content-wrapper\">\n\t\t\t\t\t\t\t\t\t<span class=\"elementor-button-text\">FORMULAR DE EVALUARE<\/span>\n\t\t\t\t\t<\/span>\n\t\t\t\t\t<\/a>\n\t\t\t\t<\/div>\n\t\t\t\t\t\t\t\t<\/div>\n\t\t\t\t<\/div>\n\t\t\t\t<div class=\"elementor-element elementor-element-5b9a47b elementor-widget elementor-widget-button\" data-id=\"5b9a47b\" data-element_type=\"widget\" data-e-type=\"widget\" data-widget_type=\"button.default\">\n\t\t\t\t<div class=\"elementor-widget-container\">\n\t\t\t\t\t\t\t\t\t<div class=\"elementor-button-wrapper\">\n\t\t\t\t\t<a class=\"elementor-button elementor-button-link elementor-size-sm\" href=\"https:\/\/drbogdangusanu.ro\/programul-de-control-al-ejacularii-premature\/\">\n\t\t\t\t\t\t<span class=\"elementor-button-content-wrapper\">\n\t\t\t\t\t\t\t\t\t<span class=\"elementor-button-text\">DOWNLOAD PROGRAM DE CONTROL AL EJACULARII PREMATURE<\/span>\n\t\t\t\t\t<\/span>\n\t\t\t\t\t<\/a>\n\t\t\t\t<\/div>\n\t\t\t\t\t\t\t\t<\/div>\n\t\t\t\t<\/div>\n\t\t\t\t<\/div>\n\t\t\t\t<\/div>\n\t\t<div class=\"elementor-element elementor-element-1c799e6 e-flex e-con-boxed e-con e-parent\" data-id=\"1c799e6\" data-element_type=\"container\" data-e-type=\"container\" id=\"testimonials\" data-settings=\"{&quot;background_background&quot;:&quot;classic&quot;}\">\n\t\t\t\t\t<div class=\"e-con-inner\">\n\t\t<div class=\"elementor-element elementor-element-a3e2af8 e-con-full e-flex e-con e-child\" data-id=\"a3e2af8\" data-element_type=\"container\" data-e-type=\"container\">\n\t\t\t\t<div class=\"elementor-element elementor-element-aa37562 elementor-widget elementor-widget-heading\" data-id=\"aa37562\" data-element_type=\"widget\" data-e-type=\"widget\" data-widget_type=\"heading.default\">\n\t\t\t\t<div class=\"elementor-widget-container\">\n\t\t\t\t\t<h2 class=\"elementor-heading-title elementor-size-default\">Programeaz\u0103 o consulta\u021bie<\/h2>\t\t\t\t<\/div>\n\t\t\t\t<\/div>\n\t\t\t\t<div class=\"elementor-element elementor-element-13d6c33 elementor-widget elementor-widget-wpforms\" data-id=\"13d6c33\" data-element_type=\"widget\" data-e-type=\"widget\" data-widget_type=\"wpforms.default\">\n\t\t\t\t<div class=\"elementor-widget-container\">\n\t\t\t\t\t<div class=\"wpforms-container \" id=\"wpforms-1053\"><form id=\"wpforms-form-1053\" class=\"wpforms-validate wpforms-form\" data-formid=\"1053\" method=\"post\" enctype=\"multipart\/form-data\" action=\"\/en\/wp-json\/wp\/v2\/pages\/1105\" data-token=\"727c48865fd63c17e5a49d5d642a4aa6\" data-token-time=\"1777505523\"><noscript class=\"wpforms-error-noscript\">Please enable JavaScript in your browser to complete this form.<\/noscript><div class=\"wpforms-field-container\"><div id=\"wpforms-1053-field_10-container\" class=\"wpforms-field wpforms-field-textarea\" data-field-id=\"10\"><label class=\"wpforms-field-label\" for=\"wpforms-1053-field_10\">Nume \u0219i Prenume <span class=\"wpforms-required-label\">*<\/span><\/label><textarea id=\"wpforms-1053-field_10\" class=\"wpforms-field-medium wpforms-field-required\" name=\"wpforms[fields][10]\" required><\/textarea><\/div><div id=\"wpforms-1053-field_9-container\" class=\"wpforms-field wpforms-field-textarea\" data-field-id=\"9\"><label class=\"wpforms-field-label\" for=\"wpforms-1053-field_9\">Email <span class=\"wpforms-required-label\">*<\/span><\/label><textarea id=\"wpforms-1053-field_9\" class=\"wpforms-field-medium wpforms-field-required\" name=\"wpforms[fields][9]\" required><\/textarea><\/div><div id=\"wpforms-1053-field_8-container\" class=\"wpforms-field wpforms-field-textarea\" data-field-id=\"8\"><label class=\"wpforms-field-label\" for=\"wpforms-1053-field_8\">Num\u0103r de telefon <span class=\"wpforms-required-label\">*<\/span><\/label><textarea id=\"wpforms-1053-field_8\" class=\"wpforms-field-medium wpforms-field-required\" name=\"wpforms[fields][8]\" required><\/textarea><\/div><div id=\"wpforms-1053-field_11-container\" class=\"wpforms-field wpforms-field-textarea\" data-field-id=\"11\"><label class=\"wpforms-field-label\" for=\"wpforms-1053-field_11\">Preciza\u021bi data \u0219i ora la care dori\u021bi o programare <span class=\"wpforms-required-label\">*<\/span><\/label><textarea id=\"wpforms-1053-field_11\" class=\"wpforms-field-medium wpforms-field-required\" name=\"wpforms[fields][11]\" required><\/textarea><\/div><div id=\"wpforms-1053-field_12-container\" class=\"wpforms-field wpforms-field-textarea\" data-field-id=\"12\"><label class=\"wpforms-field-label\" for=\"wpforms-1053-field_12\">Alte informa\u021bii<\/label><textarea id=\"wpforms-1053-field_12\" class=\"wpforms-field-medium\" name=\"wpforms[fields][12]\" ><\/textarea><\/div><div id=\"wpforms-1053-field_6-container\" class=\"wpforms-field wpforms-field-checkbox\" data-field-id=\"6\"><label class=\"wpforms-field-label\">Acord de utilizare a datelor personale<\/label><ul id=\"wpforms-1053-field_6\"><li class=\"choice-1 depth-1\"><input type=\"checkbox\" id=\"wpforms-1053-field_6_1\" name=\"wpforms[fields][6][]\" value=\"De acord\"  ><label class=\"wpforms-field-label-inline\" for=\"wpforms-1053-field_6_1\">De acord<\/label><\/li><\/ul><div class=\"wpforms-field-description\">Datele personale furnizate sunt utilizate in scopul de a raspunde solicitarilor dvs. Mai multe Informatii despre protectia datelor cu caracter personal regasiti pe: https:\/\/europa.eu\/youreurope\/business\/dealing-with-customers\/data-protection\/data-protection-gdpr\/index_ro.htm<\/div><\/div><\/div><!-- .wpforms-field-container --><div class=\"wpforms-field wpforms-field-hp\"><label for=\"wpforms-1053-field-hp\" class=\"wpforms-field-label\">Name<\/label><input type=\"text\" name=\"wpforms[hp]\" id=\"wpforms-1053-field-hp\" class=\"wpforms-field-medium\"><\/div><div class=\"wpforms-submit-container\" ><input type=\"hidden\" name=\"wpforms[id]\" value=\"1053\"><input type=\"hidden\" name=\"page_title\" value=\"\"><input type=\"hidden\" name=\"page_url\" value=\"https:\/\/drbogdangusanu.ro\/en\/wp-json\/wp\/v2\/pages\/1105\"><input type=\"hidden\" name=\"url_referer\" value=\"\"><button type=\"submit\" name=\"wpforms[submit]\" id=\"wpforms-submit-1053\" class=\"wpforms-submit\" data-alt-text=\"Se trimite...\" data-submit-text=\"TRIMITE\" aria-live=\"assertive\" value=\"wpforms-submit\">TRIMITE<\/button><\/div><\/form><\/div>  <!-- .wpforms-container -->\t\t\t\t<\/div>\n\t\t\t\t<\/div>\n\t\t\t\t<\/div>\n\t\t\t\t\t<\/div>\n\t\t\t\t<\/div>\n\t\t\t\t<\/div>\n\t\t","protected":false},"excerpt":{"rendered":"<p>Doctor Bogdan Gu\u0219anu CLINICA RO-BOOST Ce este Ejacularea Prematur\u0103? Ejacularea prematur\u0103 este o afec\u021biune \u00een care un b\u0103rbat ejaculeaz\u0103 cu o stimulare sexual\u0103 minim\u0103. B\u0103rba\u021bii care se confrunt\u0103 cu aceast\u0103 afec\u021biune ejaculeaz\u0103 \u00eenainte sau la scurt timp dup\u0103 penetrare. Ejacularea prematur\u0103 este frecven\u021ba. 1 din 3 b\u0103rba\u021bi spune c\u0103 a experimentat ejaculare prematur\u0103 la un [&hellip;]<\/p>\n","protected":false},"author":1,"featured_media":0,"parent":0,"menu_order":0,"comment_status":"closed","ping_status":"open","template":"","meta":{"site-sidebar-layout":"no-sidebar","site-content-layout":"page-builder","ast-site-content-layout":"full-width-container","site-content-style":"unboxed","site-sidebar-style":"unboxed","ast-global-header-display":"","ast-banner-title-visibility":"","ast-main-header-display":"","ast-hfb-above-header-display":"","ast-hfb-below-header-display":"","ast-hfb-mobile-header-display":"","site-post-title":"disabled","ast-breadcrumbs-content":"","ast-featured-img":"disabled","footer-sml-layout":"","theme-transparent-header-meta":"enabled","adv-header-id-meta":"","stick-header-meta":"","header-above-stick-meta":"","header-main-stick-meta":"","header-below-stick-meta":"","astra-migrate-meta-layouts":"set","ast-page-background-enabled":"default","ast-page-background-meta":{"desktop":{"background-color":"","background-image":"","background-repeat":"repeat","background-position":"center center","background-size":"auto","background-attachment":"scroll","background-type":"","background-media":"","overlay-type":"","overlay-color":"","overlay-opacity":"","overlay-gradient":""},"tablet":{"background-color":"","background-image":"","background-repeat":"repeat","background-position":"center center","background-size":"auto","background-attachment":"scroll","background-type":"","background-media":"","overlay-type":"","overlay-color":"","overlay-opacity":"","overlay-gradient":""},"mobile":{"background-color":"","background-image":"","background-repeat":"repeat","background-position":"center center","background-size":"auto","background-attachment":"scroll","background-type":"","background-media":"","overlay-type":"","overlay-color":"","overlay-opacity":"","overlay-gradient":""}},"ast-content-background-meta":{"desktop":{"background-color":"var(--ast-global-color-5)","background-image":"","background-repeat":"repeat","background-position":"center center","background-size":"auto","background-attachment":"scroll","background-type":"","background-media":"","overlay-type":"","overlay-color":"","overlay-opacity":"","overlay-gradient":""},"tablet":{"background-color":"var(--ast-global-color-5)","background-image":"","background-repeat":"repeat","background-position":"center center","background-size":"auto","background-attachment":"scroll","background-type":"","background-media":"","overlay-type":"","overlay-color":"","overlay-opacity":"","overlay-gradient":""},"mobile":{"background-color":"var(--ast-global-color-5)","background-image":"","background-repeat":"repeat","background-position":"center center","background-size":"auto","background-attachment":"scroll","background-type":"","background-media":"","overlay-type":"","overlay-color":"","overlay-opacity":"","overlay-gradient":""}},"footnotes":""},"class_list":["post-1105","page","type-page","status-publish","hentry"],"_links":{"self":[{"href":"https:\/\/drbogdangusanu.ro\/en\/wp-json\/wp\/v2\/pages\/1105","targetHints":{"allow":["GET"]}}],"collection":[{"href":"https:\/\/drbogdangusanu.ro\/en\/wp-json\/wp\/v2\/pages"}],"about":[{"href":"https:\/\/drbogdangusanu.ro\/en\/wp-json\/wp\/v2\/types\/page"}],"author":[{"embeddable":true,"href":"https:\/\/drbogdangusanu.ro\/en\/wp-json\/wp\/v2\/users\/1"}],"replies":[{"embeddable":true,"href":"https:\/\/drbogdangusanu.ro\/en\/wp-json\/wp\/v2\/comments?post=1105"}],"version-history":[{"count":46,"href":"https:\/\/drbogdangusanu.ro\/en\/wp-json\/wp\/v2\/pages\/1105\/revisions"}],"predecessor-version":[{"id":1748,"href":"https:\/\/drbogdangusanu.ro\/en\/wp-json\/wp\/v2\/pages\/1105\/revisions\/1748"}],"wp:attachment":[{"href":"https:\/\/drbogdangusanu.ro\/en\/wp-json\/wp\/v2\/media?parent=1105"}],"curies":[{"name":"wp","href":"https:\/\/api.w.org\/{rel}","templated":true}]}}